{"id":97,"date":"2016-10-03T21:21:44","date_gmt":"2016-10-03T19:21:44","guid":{"rendered":"http:\/\/www.lilies.sk\/?page_id=97"},"modified":"2016-10-05T16:06:25","modified_gmt":"2016-10-05T14:06:25","slug":"prenajom-svadobnej-vyzdoby","status":"publish","type":"page","link":"https:\/\/www.lilies.sk\/sk\/prenajom-svadobnej-vyzdoby\/","title":{"rendered":"Pren\u00e1jom svadobnej v\u00fdzdoby"},"content":{"rendered":"<p><a href=\"http:\/\/www.lilies.sk\/wp-content\/uploads\/2016\/10\/sa-107-e1475675658502.jpg\"><img loading=\"lazy\" class=\" size-medium wp-image-174 alignleft\" src=\"http:\/\/www.lilies.sk\/wp-content\/uploads\/2016\/10\/sa-107-300x200.jpg\" alt=\"sa-107\" width=\"300\" height=\"200\" \/><\/a>Na\u0161li ste u\u017e miestnos\u0165, kde by ste chceli ma\u0165 Va\u0161u svadobnu hostinu? Potrebujete u\u017e len v\u00fdzdobu? Sta\u010di ak n\u00e1s kontaktujete a my Vam radi zapozi\u010diame \u010doko\u013evek, \u010do budete potrebova\u0165. Navleky, stuhy, v\u00e1zy, sveteln\u00fa stenu&#8230; V\u0161etko, \u010do je treba, aby Va\u0161a svadobn\u00e1 s\u00e1la \u017eiarila.<\/p>","protected":false},"excerpt":{"rendered":"<p>Na\u0161li ste u\u017e miestnos\u0165, kde by ste chceli ma\u0165 Va\u0161u svadobnu hostinu? Potrebujete u\u017e len v\u00fdzdobu? Sta\u010di ak n\u00e1s kontaktujete a my Vam radi zapozi\u010diame \u010doko\u013evek, \u010do budete potrebova\u0165. Navleky, stuhy, v\u00e1zy, sveteln\u00fa stenu&#8230; V\u0161etko, \u010do je treba, aby Va\u0161a svadobn\u00e1 s\u00e1la \u017eiarila.<\/p>\n","protected":false},"author":2,"featured_media":0,"parent":0,"menu_order":0,"comment_status":"closed","ping_status":"closed","template":"","meta":[],"_links":{"self":[{"href":"https:\/\/www.lilies.sk\/sk\/wp-json\/wp\/v2\/pages\/97"}],"collection":[{"href":"https:\/\/www.lilies.sk\/sk\/wp-json\/wp\/v2\/pages"}],"about":[{"href":"https:\/\/www.lilies.sk\/sk\/wp-json\/wp\/v2\/types\/page"}],"author":[{"embeddable":true,"href":"https:\/\/www.lilies.sk\/sk\/wp-json\/wp\/v2\/users\/2"}],"replies":[{"embeddable":true,"href":"https:\/\/www.lilies.sk\/sk\/wp-json\/wp\/v2\/comments?post=97"}],"version-history":[{"count":7,"href":"https:\/\/www.lilies.sk\/sk\/wp-json\/wp\/v2\/pages\/97\/revisions"}],"predecessor-version":[{"id":186,"href":"https:\/\/www.lilies.sk\/sk\/wp-json\/wp\/v2\/pages\/97\/revisions\/186"}],"wp:attachment":[{"href":"https:\/\/www.lilies.sk\/sk\/wp-json\/wp\/v2\/media?parent=97"}],"curies":[{"name":"wp","href":"https:\/\/api.w.org\/{rel}","templated":true}]}}