{"id":95,"date":"2016-10-03T21:21:26","date_gmt":"2016-10-03T19:21:26","guid":{"rendered":"http:\/\/www.lilies.sk\/?page_id=95"},"modified":"2016-10-05T16:07:21","modified_gmt":"2016-10-05T14:07:21","slug":"svadobna-vyzdoba","status":"publish","type":"page","link":"https:\/\/www.lilies.sk\/sk\/svadobna-vyzdoba\/","title":{"rendered":"Svadobn\u00e1 v\u00fdzdoba"},"content":{"rendered":"<p><a href=\"http:\/\/www.lilies.sk\/wp-content\/uploads\/2016\/10\/MK_0489m-e1475675962904.jpg\"><img loading=\"lazy\" class=\" size-medium wp-image-178 alignleft\" src=\"http:\/\/www.lilies.sk\/wp-content\/uploads\/2016\/10\/MK_0489m-300x200.jpg\" alt=\"mk_0489m\" width=\"300\" height=\"200\" \/><\/a>Vyber\u00e1te si\u00a0svadobn\u00fa v\u00fdzdobu? Vintage \u0161\u00fdl, romantick\u00fd, \u010di zimmn\u00fd \u0161t\u00fdl? Pon\u00fakame r\u00f4zne st\u00fdly, r\u00f4zne varianty, r\u00f4zne materialy. M\u00f4\u017eete sa in\u0161pirova\u0165 na\u0161ou fotogal\u00e9riou, m\u00f4\u017eete n\u00e1m posla\u0165 svoju fotku, alebo n\u00e1m mo\u017eete len pop\u00edsa\u0165 Va\u0161u predstavu. Ve\u013emi radi V\u00e1m prichyst\u00e1me nez\u00e1v\u00e4zn\u00fa cenovu ponuku, ktor\u00e1 V\u00e1m bude \u0161it\u00e1 na mieru.<\/p>","protected":false},"excerpt":{"rendered":"<p>Vyber\u00e1te si\u00a0svadobn\u00fa v\u00fdzdobu? Vintage \u0161\u00fdl, romantick\u00fd, \u010di zimmn\u00fd \u0161t\u00fdl? Pon\u00fakame r\u00f4zne st\u00fdly, r\u00f4zne varianty, r\u00f4zne materialy. M\u00f4\u017eete sa in\u0161pirova\u0165 na\u0161ou fotogal\u00e9riou, m\u00f4\u017eete n\u00e1m posla\u0165 svoju fotku, alebo n\u00e1m mo\u017eete len pop\u00edsa\u0165 Va\u0161u predstavu. Ve\u013emi radi V\u00e1m prichyst\u00e1me nez\u00e1v\u00e4zn\u00fa cenovu ponuku, ktor\u00e1 V\u00e1m bude \u0161it\u00e1 na mieru.<\/p>\n","protected":false},"author":2,"featured_media":0,"parent":0,"menu_order":0,"comment_status":"closed","ping_status":"closed","template":"","meta":[],"_links":{"self":[{"href":"https:\/\/www.lilies.sk\/sk\/wp-json\/wp\/v2\/pages\/95"}],"collection":[{"href":"https:\/\/www.lilies.sk\/sk\/wp-json\/wp\/v2\/pages"}],"about":[{"href":"https:\/\/www.lilies.sk\/sk\/wp-json\/wp\/v2\/types\/page"}],"author":[{"embeddable":true,"href":"https:\/\/www.lilies.sk\/sk\/wp-json\/wp\/v2\/users\/2"}],"replies":[{"embeddable":true,"href":"https:\/\/www.lilies.sk\/sk\/wp-json\/wp\/v2\/comments?post=95"}],"version-history":[{"count":12,"href":"https:\/\/www.lilies.sk\/sk\/wp-json\/wp\/v2\/pages\/95\/revisions"}],"predecessor-version":[{"id":188,"href":"https:\/\/www.lilies.sk\/sk\/wp-json\/wp\/v2\/pages\/95\/revisions\/188"}],"wp:attachment":[{"href":"https:\/\/www.lilies.sk\/sk\/wp-json\/wp\/v2\/media?parent=95"}],"curies":[{"name":"wp","href":"https:\/\/api.w.org\/{rel}","templated":true}]}}