{"id":88,"date":"2016-10-03T21:17:01","date_gmt":"2016-10-03T19:17:01","guid":{"rendered":"http:\/\/www.lilies.sk\/?page_id=88"},"modified":"2016-10-05T16:11:38","modified_gmt":"2016-10-05T14:11:38","slug":"svadba-od-a-po-z","status":"publish","type":"page","link":"https:\/\/www.lilies.sk\/sk\/svadba-od-a-po-z\/","title":{"rendered":"Svadba od A po Z"},"content":{"rendered":"<p><a href=\"http:\/\/www.lilies.sk\/wp-content\/uploads\/2016\/10\/MK_0751m-e1475675948750.jpg\"><img loading=\"lazy\" class=\" size-medium wp-image-177 alignleft\" src=\"http:\/\/www.lilies.sk\/wp-content\/uploads\/2016\/10\/MK_0751m-300x200.jpg\" alt=\"mk_0751m\" width=\"300\" height=\"200\" \/><\/a>Chyst\u00e1te svadbu a chcete to zveri\u0165 do r\u00fak profesion\u00e1lom? Chcete si vychutna\u0165\u00a0obdobie\u00a0pred svadbou bez stresu a zhonu? Chcete si u\u017ei\u0165\u00a0V\u00e1\u0161 svadobn\u00fd de\u0148 bez starost\u00ed? Tak ste na spravnom mieste!<\/p>\n<p>Pon\u00fakame kompletn\u00fd bal\u00ed\u010dek &#8211; Svadba od A po Z, kde sa my, Lilies t\u00edm, postar\u00e1me o v\u0161etko oh\u013eadom Va\u0161ej svadby. Od vybavenia s\u00e1ly, DJ-a, v\u00fdzdoby, auta, &#8230; a\u017e po samotnu <a href=\"http:\/\/www.lilies.sk\/koordinacia\/\">koordin\u00e1ciu <\/a>V\u00e1\u0161ho svadobn\u00e9ho d\u0148a. Vyrie\u0161ime v\u0161etko, \u010do budete potrebova\u0165.\u00a0N\u00e1\u0161 t\u00edm je tu pre V\u00e1s!<\/p>","protected":false},"excerpt":{"rendered":"<p>Chyst\u00e1te svadbu a chcete to zveri\u0165 do r\u00fak profesion\u00e1lom? Chcete si vychutna\u0165\u00a0obdobie\u00a0pred svadbou bez stresu a zhonu? Chcete si u\u017ei\u0165\u00a0V\u00e1\u0161 svadobn\u00fd de\u0148 bez starost\u00ed? Tak ste na spravnom mieste! Pon\u00fakame kompletn\u00fd bal\u00ed\u010dek &#8211; Svadba od A po Z, kde sa my, Lilies t\u00edm, postar\u00e1me o v\u0161etko oh\u013eadom Va\u0161ej svadby. Od vybavenia s\u00e1ly, DJ-a, v\u00fdzdoby, auta, [&hellip;]<\/p>\n","protected":false},"author":2,"featured_media":0,"parent":0,"menu_order":0,"comment_status":"closed","ping_status":"closed","template":"","meta":[],"_links":{"self":[{"href":"https:\/\/www.lilies.sk\/sk\/wp-json\/wp\/v2\/pages\/88"}],"collection":[{"href":"https:\/\/www.lilies.sk\/sk\/wp-json\/wp\/v2\/pages"}],"about":[{"href":"https:\/\/www.lilies.sk\/sk\/wp-json\/wp\/v2\/types\/page"}],"author":[{"embeddable":true,"href":"https:\/\/www.lilies.sk\/sk\/wp-json\/wp\/v2\/users\/2"}],"replies":[{"embeddable":true,"href":"https:\/\/www.lilies.sk\/sk\/wp-json\/wp\/v2\/comments?post=88"}],"version-history":[{"count":18,"href":"https:\/\/www.lilies.sk\/sk\/wp-json\/wp\/v2\/pages\/88\/revisions"}],"predecessor-version":[{"id":187,"href":"https:\/\/www.lilies.sk\/sk\/wp-json\/wp\/v2\/pages\/88\/revisions\/187"}],"wp:attachment":[{"href":"https:\/\/www.lilies.sk\/sk\/wp-json\/wp\/v2\/media?parent=88"}],"curies":[{"name":"wp","href":"https:\/\/api.w.org\/{rel}","templated":true}]}}