{"id":154,"date":"2016-10-04T13:10:39","date_gmt":"2016-10-04T11:10:39","guid":{"rendered":"http:\/\/www.lilies.sk\/?page_id=154"},"modified":"2016-10-05T16:08:09","modified_gmt":"2016-10-05T14:08:09","slug":"svadobna-web-stranka","status":"publish","type":"page","link":"https:\/\/www.lilies.sk\/en\/svadobna-web-stranka\/","title":{"rendered":"Svadobn\u00e1 web str\u00e1nka"},"content":{"rendered":"<p>Pri ka\u017edej svadbe mus\u00edme myslie\u0165 na to, ako informova\u0165 svoju rodinu a priate\u013eov o nast\u00e1vaj\u00facej udalosti. Jednoduch\u00fdm sp\u00f4sob je vytvorenie svadobnej web stranky, kde ka\u017ed\u00fd n\u00e1jde v\u0161etky detaily oh\u013eadom V\u00e1\u0161ho svadobn\u00e9ho d\u0148a. Kedy? Kde? O ko\u013ekej? Ako sa tam dostanem? \u010co by si \u017eenich a nevesta priali ako dar?&#8230; A mnoho \u010fal\u0161\u00edch ot\u00e1zok, ktor\u00e9 si klad\u00fa svadobania. Vsetko na jednom mieste a \u013eahko dostupn\u00e9. Sta\u010d\u00ed ak n\u00e1s kontaktujete a Lilies t\u00edm to za V\u00e1s zariadi.<\/p>","protected":false},"excerpt":{"rendered":"<p>Pri ka\u017edej svadbe mus\u00edme myslie\u0165 na to, ako informova\u0165 svoju rodinu a priate\u013eov o nast\u00e1vaj\u00facej udalosti. Jednoduch\u00fdm sp\u00f4sob je vytvorenie svadobnej web stranky, kde ka\u017ed\u00fd n\u00e1jde v\u0161etky detaily oh\u013eadom V\u00e1\u0161ho svadobn\u00e9ho d\u0148a. Kedy? Kde? O ko\u013ekej? Ako sa tam dostanem? \u010co by si \u017eenich a nevesta priali ako dar?&#8230; A mnoho \u010fal\u0161\u00edch ot\u00e1zok, ktor\u00e9 si [&hellip;]<\/p>\n","protected":false},"author":2,"featured_media":0,"parent":0,"menu_order":0,"comment_status":"closed","ping_status":"closed","template":"","meta":[],"_links":{"self":[{"href":"https:\/\/www.lilies.sk\/en\/wp-json\/wp\/v2\/pages\/154"}],"collection":[{"href":"https:\/\/www.lilies.sk\/en\/wp-json\/wp\/v2\/pages"}],"about":[{"href":"https:\/\/www.lilies.sk\/en\/wp-json\/wp\/v2\/types\/page"}],"author":[{"embeddable":true,"href":"https:\/\/www.lilies.sk\/en\/wp-json\/wp\/v2\/users\/2"}],"replies":[{"embeddable":true,"href":"https:\/\/www.lilies.sk\/en\/wp-json\/wp\/v2\/comments?post=154"}],"version-history":[{"count":6,"href":"https:\/\/www.lilies.sk\/en\/wp-json\/wp\/v2\/pages\/154\/revisions"}],"predecessor-version":[{"id":189,"href":"https:\/\/www.lilies.sk\/en\/wp-json\/wp\/v2\/pages\/154\/revisions\/189"}],"wp:attachment":[{"href":"https:\/\/www.lilies.sk\/en\/wp-json\/wp\/v2\/media?parent=154"}],"curies":[{"name":"wp","href":"https:\/\/api.w.org\/{rel}","templated":true}]}}