{"id":28,"date":"2016-09-07T22:44:52","date_gmt":"2016-09-07T20:44:52","guid":{"rendered":"http:\/\/www.lilies.sk\/?page_id=28"},"modified":"2016-10-03T22:27:26","modified_gmt":"2016-10-03T20:27:26","slug":"uvod","status":"publish","type":"page","link":"https:\/\/www.lilies.sk\/de\/","title":{"rendered":"\u00daVOD"},"content":{"rendered":"<div id=\"pl-28\"><div class=\"panel-grid\" id=\"pg-28-0\" ><div style=\"padding: 40px 0; \" class=\"panel-row-style\" ><div class=\"panel-grid-cell\" id=\"pgc-28-0-0\" ><div class=\"so-panel widget widget_text panel-first-child panel-last-child\" id=\"panel-28-0-0-0\" data-index=\"0\"><div style=\"padding: 0px 0px 0px 0px;\" class=\"panel-widget-style\" ><h3 class=\"widget-title\">O N\u00c1S<\/h3>\t\t\t<div class=\"textwidget\"><p style=\"text-align: justify;\">\nAk chyst\u00e1te svadbu, firemn\u00fa akciu, alebo ak\u00fako\u013evek udalos\u0165, ste na spr\u00e1vnom mieste. S nami m\u00f4\u017eete zabudn\u00fa\u0165 na v\u0161etok stres spojen\u00fd s pl\u00e1novan\u00edm, vybavovan\u00edm a organizovan\u00edm akejko\u013evek akcie. Namiesto h\u013eadania dod\u00e1vate\u013eov, kontaktov a rie\u0161enia v\u0161etk\u00fdch potrebn\u00fdch vec\u00ed sa m\u00f4\u017eete te\u0161i\u0165...<br><br>\n<a href=\"http:\/\/www.lilies.sk\/o-nas\/\">>> viac inform\u00e1ci\u00ed<\/a><\/p><\/div>\n\t\t<\/div><\/div><\/div><div class=\"panel-grid-cell\" id=\"pgc-28-0-1\" ><div class=\"so-panel widget widget_text panel-first-child panel-last-child\" id=\"panel-28-0-1-0\" data-index=\"1\"><div style=\"padding: 0px 0px 0px 0px;\" class=\"panel-widget-style\" ><h3 class=\"widget-title\">SVADBY<\/h3>\t\t\t<div class=\"textwidget\"><p style=\"text-align: justify;\">\nAk ste sa pr\u00e1ve zasn\u00fabili a za\u010d\u00ednate chysta\u0165 svadbu, ste na spr\u00e1vnom mieste. S nami m\u00f4\u017eete zabudn\u00fa\u0165 na v\u0161etok stres spojen\u00fd s pl\u00e1novan\u00edm, vybavovan\u00edm a organizovan\u00edm celej svadby. Zorganizova\u0165 svadbu nemus\u00ed by\u0165 pre ka\u017ed\u00e9ho jednoduch\u00e9. Mo\u017eno neradi organizujete, mo\u017eno, ste odcestovan\u00ed, mo\u017eno...<br><br>\n<a href=\"http:\/\/www.lilies.sk\/svadby\/\">>> viac inform\u00e1ci\u00ed<\/a><\/p><\/div>\n\t\t<\/div><\/div><\/div><div class=\"panel-grid-cell\" id=\"pgc-28-0-2\" ><div class=\"so-panel widget widget_text panel-first-child panel-last-child\" id=\"panel-28-0-2-0\" data-index=\"2\"><div style=\"padding: 0px 0px 0px 0px;\" class=\"panel-widget-style\" ><h3 class=\"widget-title\">EVENTY A OSLAVY<\/h3>\t\t\t<div class=\"textwidget\"><p style=\"text-align: justify;\">\nAk pr\u00e1ve rozm\u00fd\u0161late ako zorganizova\u0165 a vytvori\u0165 nezabudnuteln\u00fa udalos\u0165, ste na spr\u00e1vnom mieste. Lilies t\u00edm sa zaober\u00e1 n\u00e1vrhom, pl\u00e1novan\u00edm a pr\u00edpravou firemn\u00fdch akci\u00ed, ve\u010dierkov, teambuidingov, ale aj pr\u00edpravou stu\u017ekov\u00fdch sl\u00e1vnost\u00ed, narodeninov\u00fdch, z\u00e1snubn\u00fdch, v\u00fdro\u010dn\u00fdch oslav, kr\u0161t\u00edn, tak ako aj...<br><br>\n<a href=\"http:\/\/www.lilies.sk\/eventy-a-oslavy\/\">>> viac inform\u00e1ci\u00ed<\/a><\/p><\/div>\n\t\t<\/div><\/div><\/div><\/div><\/div><div class=\"panel-grid\" id=\"pg-28-1\" ><div style=\"padding: 20px 0; \" class=\"panel-row-style\" ><div class=\"panel-grid-cell\" id=\"pgc-28-1-0\" ><div class=\"so-panel widget widget_sydney_action sydney_action_widget panel-first-child panel-last-child\" id=\"panel-28-1-0-0\" data-index=\"3\"><div style=\"padding: 0px 0px 0px 0px;\" class=\"panel-widget-style\" ><h3 class=\"widget-title\">Ak V\u00e1s na\u0161e slu\u017eby zaujali<\/h3>        <div class=\"roll-promobox \">\r\n\t\t\t<div class=\"promo-wrap\">\r\n\t\t\t\t\t\t\t\t<div class=\"promo-content\">\r\n\t\t\t\t\t<h3 class=\"title\">nev\u00e1hajte n\u00e1s kontaktova\u0165 na telef\u00f3ne +421 917 691 512, alebo +421 902 625 570, alebo na emaily info@lilies.sk<\/h3>\r\n\t\t\t\t<\/div>\r\n\t\t\t\t\t\t\t\t<div class=\"promo-controls\">\r\n\t\t\t\t\t<a href=\"http:\/\/www.lilies.sk\/kontakt\/\" class=\"roll-button border\">kontaktujte n\u00e1s<\/a>\r\n\t\t\t\t<\/div>\r\n\t\t\t<\/div>\r\n        <\/div>\r\n\t<\/div><\/div><\/div><\/div><\/div><\/div>","protected":false},"excerpt":{"rendered":"<p>O N\u00c1S Ak chyst\u00e1te svadbu, firemn\u00fa akciu, alebo ak\u00fako\u013evek udalos\u0165, ste na spr\u00e1vnom mieste. S nami m\u00f4\u017eete zabudn\u00fa\u0165 na v\u0161etok stres spojen\u00fd s pl\u00e1novan\u00edm, vybavovan\u00edm a organizovan\u00edm akejko\u013evek akcie. Namiesto h\u013eadania dod\u00e1vate\u013eov, kontaktov a rie\u0161enia v\u0161etk\u00fdch potrebn\u00fdch vec\u00ed sa m\u00f4\u017eete te\u0161i\u0165&#8230; >> viac inform\u00e1ci\u00ed SVADBY Ak ste sa pr\u00e1ve zasn\u00fabili a za\u010d\u00ednate chysta\u0165 svadbu, ste [&hellip;]<\/p>\n","protected":false},"author":2,"featured_media":0,"parent":0,"menu_order":0,"comment_status":"closed","ping_status":"closed","template":"page-templates\/page_front-page.php","meta":[],"_links":{"self":[{"href":"https:\/\/www.lilies.sk\/de\/wp-json\/wp\/v2\/pages\/28"}],"collection":[{"href":"https:\/\/www.lilies.sk\/de\/wp-json\/wp\/v2\/pages"}],"about":[{"href":"https:\/\/www.lilies.sk\/de\/wp-json\/wp\/v2\/types\/page"}],"author":[{"embeddable":true,"href":"https:\/\/www.lilies.sk\/de\/wp-json\/wp\/v2\/users\/2"}],"replies":[{"embeddable":true,"href":"https:\/\/www.lilies.sk\/de\/wp-json\/wp\/v2\/comments?post=28"}],"version-history":[{"count":17,"href":"https:\/\/www.lilies.sk\/de\/wp-json\/wp\/v2\/pages\/28\/revisions"}],"predecessor-version":[{"id":109,"href":"https:\/\/www.lilies.sk\/de\/wp-json\/wp\/v2\/pages\/28\/revisions\/109"}],"wp:attachment":[{"href":"https:\/\/www.lilies.sk\/de\/wp-json\/wp\/v2\/media?parent=28"}],"curies":[{"name":"wp","href":"https:\/\/api.w.org\/{rel}","templated":true}]}}