{"id":21,"date":"2016-09-07T22:43:06","date_gmt":"2016-09-07T20:43:06","guid":{"rendered":"http:\/\/www.lilies.sk\/?page_id=21"},"modified":"2016-10-05T16:02:28","modified_gmt":"2016-10-05T14:02:28","slug":"eventy-a-oslavy","status":"publish","type":"page","link":"https:\/\/www.lilies.sk\/de\/eventy-a-oslavy\/","title":{"rendered":"EVENTY A OSLAVY"},"content":{"rendered":"<p><\/p>\n<p style=\"text-align: justify;\"><img loading=\"lazy\" class=\"alignleft wp-image-19 size-medium\" src=\"http:\/\/www.lilies.sk\/wp-content\/uploads\/2016\/09\/0804-k\u00f3pia-688x458-300x200.jpg\" alt=\"0804-kopia-688x458\" width=\"300\" height=\"200\" srcset=\"https:\/\/www.lilies.sk\/wp-content\/uploads\/2016\/09\/0804-k\u00f3pia-688x458-300x200.jpg 300w, https:\/\/www.lilies.sk\/wp-content\/uploads\/2016\/09\/0804-k\u00f3pia-688x458-230x153.jpg 230w, https:\/\/www.lilies.sk\/wp-content\/uploads\/2016\/09\/0804-k\u00f3pia-688x458-350x233.jpg 350w, https:\/\/www.lilies.sk\/wp-content\/uploads\/2016\/09\/0804-k\u00f3pia-688x458-480x320.jpg 480w, https:\/\/www.lilies.sk\/wp-content\/uploads\/2016\/09\/0804-k\u00f3pia-688x458.jpg 688w\" sizes=\"(max-width: 300px) 100vw, 300px\" \/>Ak pr\u00e1ve rozm\u00fd\u0161late ako zorganizova\u0165 a vytvori\u0165 nezabudnuteln\u00fa udalos\u0165, ste na spr\u00e1vnom mieste. Lilies\u00a0t\u00edm sa zaober\u00e1 n\u00e1vrhom, pl\u00e1novan\u00edm a pr\u00edpravou firemn\u00fdch akci\u00ed, ve\u010dierkov, teambuidingov, ale aj pr\u00edpravou stu\u017ekov\u00fdch sl\u00e1vnost\u00ed, narodeninov\u00fdch, z\u00e1snubn\u00fdch, v\u00fdro\u010dn\u00fdch oslav, kr\u0161t\u00edn, tak ako aj pr\u00edpravou a organiz\u00e1ciou plesov.<\/p>\n<p style=\"text-align: justify;\">Ak m\u00e1te ak\u00e9ko\u013evek ot\u00e1zky, nev\u00e1hajte n\u00e1s kontaktova\u0165.<\/p>\n<p><\/p>","protected":false},"excerpt":{"rendered":"<p>Ak pr\u00e1ve rozm\u00fd\u0161late ako zorganizova\u0165 a vytvori\u0165 nezabudnuteln\u00fa udalos\u0165, ste na spr\u00e1vnom mieste. Lilies\u00a0t\u00edm sa zaober\u00e1 n\u00e1vrhom, pl\u00e1novan\u00edm a pr\u00edpravou firemn\u00fdch akci\u00ed, ve\u010dierkov, teambuidingov, ale aj pr\u00edpravou stu\u017ekov\u00fdch sl\u00e1vnost\u00ed, narodeninov\u00fdch, z\u00e1snubn\u00fdch, v\u00fdro\u010dn\u00fdch oslav, kr\u0161t\u00edn, tak ako aj pr\u00edpravou a organiz\u00e1ciou plesov. Ak m\u00e1te ak\u00e9ko\u013evek ot\u00e1zky, nev\u00e1hajte n\u00e1s kontaktova\u0165.<\/p>\n","protected":false},"author":2,"featured_media":0,"parent":0,"menu_order":0,"comment_status":"closed","ping_status":"closed","template":"","meta":[],"_links":{"self":[{"href":"https:\/\/www.lilies.sk\/de\/wp-json\/wp\/v2\/pages\/21"}],"collection":[{"href":"https:\/\/www.lilies.sk\/de\/wp-json\/wp\/v2\/pages"}],"about":[{"href":"https:\/\/www.lilies.sk\/de\/wp-json\/wp\/v2\/types\/page"}],"author":[{"embeddable":true,"href":"https:\/\/www.lilies.sk\/de\/wp-json\/wp\/v2\/users\/2"}],"replies":[{"embeddable":true,"href":"https:\/\/www.lilies.sk\/de\/wp-json\/wp\/v2\/comments?post=21"}],"version-history":[{"count":7,"href":"https:\/\/www.lilies.sk\/de\/wp-json\/wp\/v2\/pages\/21\/revisions"}],"predecessor-version":[{"id":181,"href":"https:\/\/www.lilies.sk\/de\/wp-json\/wp\/v2\/pages\/21\/revisions\/181"}],"wp:attachment":[{"href":"https:\/\/www.lilies.sk\/de\/wp-json\/wp\/v2\/media?parent=21"}],"curies":[{"name":"wp","href":"https:\/\/api.w.org\/{rel}","templated":true}]}}