{"id":97,"date":"2016-10-03T21:21:44","date_gmt":"2016-10-03T19:21:44","guid":{"rendered":"http:\/\/www.lilies.sk\/?page_id=97"},"modified":"2016-10-05T16:06:25","modified_gmt":"2016-10-05T14:06:25","slug":"prenajom-svadobnej-vyzdoby","status":"publish","type":"page","link":"https:\/\/www.lilies.sk\/cs\/prenajom-svadobnej-vyzdoby\/","title":{"rendered":"(Sloven\u010dina) Pren\u00e1jom svadobnej v\u00fdzdoby"},"content":{"rendered":"<p class=\"qtranxs-available-languages-message qtranxs-available-languages-message-cs\"><\/p>","protected":false},"excerpt":{"rendered":"","protected":false},"author":2,"featured_media":0,"parent":0,"menu_order":0,"comment_status":"closed","ping_status":"closed","template":"","meta":[],"_links":{"self":[{"href":"https:\/\/www.lilies.sk\/cs\/wp-json\/wp\/v2\/pages\/97"}],"collection":[{"href":"https:\/\/www.lilies.sk\/cs\/wp-json\/wp\/v2\/pages"}],"about":[{"href":"https:\/\/www.lilies.sk\/cs\/wp-json\/wp\/v2\/types\/page"}],"author":[{"embeddable":true,"href":"https:\/\/www.lilies.sk\/cs\/wp-json\/wp\/v2\/users\/2"}],"replies":[{"embeddable":true,"href":"https:\/\/www.lilies.sk\/cs\/wp-json\/wp\/v2\/comments?post=97"}],"version-history":[{"count":7,"href":"https:\/\/www.lilies.sk\/cs\/wp-json\/wp\/v2\/pages\/97\/revisions"}],"predecessor-version":[{"id":186,"href":"https:\/\/www.lilies.sk\/cs\/wp-json\/wp\/v2\/pages\/97\/revisions\/186"}],"wp:attachment":[{"href":"https:\/\/www.lilies.sk\/cs\/wp-json\/wp\/v2\/media?parent=97"}],"curies":[{"name":"wp","href":"https:\/\/api.w.org\/{rel}","templated":true}]}}