{"id":23,"date":"2016-09-07T22:44:26","date_gmt":"2016-09-07T20:44:26","guid":{"rendered":"http:\/\/www.lilies.sk\/?page_id=23"},"modified":"2016-10-05T16:03:35","modified_gmt":"2016-10-05T14:03:35","slug":"svadby","status":"publish","type":"page","link":"https:\/\/www.lilies.sk\/cs\/svadby\/","title":{"rendered":"SVADBY"},"content":{"rendered":"<p><\/p>\n<p style=\"text-align: justify;\"><img loading=\"lazy\" class=\" size-medium wp-image-24 alignleft\" src=\"http:\/\/www.lilies.sk\/wp-content\/uploads\/2016\/09\/veronika_rado_wed_007-300x200.jpg\" alt=\"veronika_rado_wed_007\" width=\"300\" height=\"200\" srcset=\"https:\/\/www.lilies.sk\/wp-content\/uploads\/2016\/09\/veronika_rado_wed_007-300x200.jpg 300w, https:\/\/www.lilies.sk\/wp-content\/uploads\/2016\/09\/veronika_rado_wed_007-230x153.jpg 230w, https:\/\/www.lilies.sk\/wp-content\/uploads\/2016\/09\/veronika_rado_wed_007-350x233.jpg 350w, https:\/\/www.lilies.sk\/wp-content\/uploads\/2016\/09\/veronika_rado_wed_007-480x320.jpg 480w, https:\/\/www.lilies.sk\/wp-content\/uploads\/2016\/09\/veronika_rado_wed_007.jpg 800w\" sizes=\"(max-width: 300px) 100vw, 300px\" \/>Ak ste sa pr\u00e1ve zasn\u00fabili a za\u010d\u00ednate chysta\u0165 svadbu, ste na spr\u00e1vnom mieste. S nami m\u00f4\u017eete zabudn\u00fa\u0165 na v\u0161etok stres spojen\u00fd s pl\u00e1novan\u00edm, vybavovan\u00edm a organizovan\u00edm celej svadby.<\/p>\n<p style=\"text-align: justify;\">Zorganizova\u0165 svadbu nemus\u00ed by\u0165 pre ka\u017ed\u00e9ho jednoduch\u00e9. Mo\u017eno neradi organizujete, mo\u017eno, ste odcestovan\u00ed, mo\u017eno len nem\u00e1te \u010das a na koho sa obr\u00e1ti\u0165.<\/p>\n<p style=\"text-align: justify;\">\u010ci u\u017e chcete len poradi\u0165, alebo chcete zorganizova\u0165 cel\u00fa svadbu, sme tu pre V\u00e1s, preto n\u00e1s nev\u00e1hajte kontaktova\u0165.<\/p>\n<p style=\"text-align: justify;\">Potom zostane u\u017e len \u010das a priestor na to, aby ste sa mohli te\u0161i\u0165 na V\u00e1\u0161 vysn\u00edvan\u00fd de\u0148 \u201eD\u201c.<\/p>\n<p style=\"text-align: justify;\">Spl\u0148te si svoju svadbu snov\u2026<\/p>\n<p><\/p>","protected":false},"excerpt":{"rendered":"<p>Ak ste sa pr\u00e1ve zasn\u00fabili a za\u010d\u00ednate chysta\u0165 svadbu, ste na spr\u00e1vnom mieste. S nami m\u00f4\u017eete zabudn\u00fa\u0165 na v\u0161etok stres spojen\u00fd s pl\u00e1novan\u00edm, vybavovan\u00edm a organizovan\u00edm celej svadby. Zorganizova\u0165 svadbu nemus\u00ed by\u0165 pre ka\u017ed\u00e9ho jednoduch\u00e9. Mo\u017eno neradi organizujete, mo\u017eno, ste odcestovan\u00ed, mo\u017eno len nem\u00e1te \u010das a na koho sa obr\u00e1ti\u0165. \u010ci u\u017e chcete len poradi\u0165, [&hellip;]<\/p>\n","protected":false},"author":2,"featured_media":0,"parent":0,"menu_order":0,"comment_status":"closed","ping_status":"closed","template":"","meta":[],"_links":{"self":[{"href":"https:\/\/www.lilies.sk\/cs\/wp-json\/wp\/v2\/pages\/23"}],"collection":[{"href":"https:\/\/www.lilies.sk\/cs\/wp-json\/wp\/v2\/pages"}],"about":[{"href":"https:\/\/www.lilies.sk\/cs\/wp-json\/wp\/v2\/types\/page"}],"author":[{"embeddable":true,"href":"https:\/\/www.lilies.sk\/cs\/wp-json\/wp\/v2\/users\/2"}],"replies":[{"embeddable":true,"href":"https:\/\/www.lilies.sk\/cs\/wp-json\/wp\/v2\/comments?post=23"}],"version-history":[{"count":22,"href":"https:\/\/www.lilies.sk\/cs\/wp-json\/wp\/v2\/pages\/23\/revisions"}],"predecessor-version":[{"id":183,"href":"https:\/\/www.lilies.sk\/cs\/wp-json\/wp\/v2\/pages\/23\/revisions\/183"}],"wp:attachment":[{"href":"https:\/\/www.lilies.sk\/cs\/wp-json\/wp\/v2\/media?parent=23"}],"curies":[{"name":"wp","href":"https:\/\/api.w.org\/{rel}","templated":true}]}}