{"id":18,"date":"2016-09-07T22:41:40","date_gmt":"2016-09-07T20:41:40","guid":{"rendered":"http:\/\/www.lilies.sk\/?page_id=18"},"modified":"2016-10-05T16:03:02","modified_gmt":"2016-10-05T14:03:02","slug":"o-nas","status":"publish","type":"page","link":"https:\/\/www.lilies.sk\/cs\/o-nas\/","title":{"rendered":"O N\u00c1S"},"content":{"rendered":"<p><\/p>\n<p style=\"text-align: justify;\"><img loading=\"lazy\" class=\"alignleft wp-image-19 size-medium\" src=\"http:\/\/www.lilies.sk\/wp-content\/uploads\/2016\/09\/0804-k\u00f3pia-688x458-300x200.jpg\" alt=\"0804-kopia-688x458\" width=\"300\" height=\"200\" srcset=\"https:\/\/www.lilies.sk\/wp-content\/uploads\/2016\/09\/0804-k\u00f3pia-688x458-300x200.jpg 300w, https:\/\/www.lilies.sk\/wp-content\/uploads\/2016\/09\/0804-k\u00f3pia-688x458-230x153.jpg 230w, https:\/\/www.lilies.sk\/wp-content\/uploads\/2016\/09\/0804-k\u00f3pia-688x458-350x233.jpg 350w, https:\/\/www.lilies.sk\/wp-content\/uploads\/2016\/09\/0804-k\u00f3pia-688x458-480x320.jpg 480w, https:\/\/www.lilies.sk\/wp-content\/uploads\/2016\/09\/0804-k\u00f3pia-688x458.jpg 688w\" sizes=\"(max-width: 300px) 100vw, 300px\" \/>Ak chyst\u00e1te svadbu, firemn\u00fa akciu, alebo ak\u00fako\u013evek udalos\u0165, ste na spr\u00e1vnom mieste. S nami m\u00f4\u017eete zabudn\u00fa\u0165 na v\u0161etok stres spojen\u00fd s pl\u00e1novan\u00edm, vybavovan\u00edm a organizovan\u00edm akejko\u013evek akcie. Namiesto h\u013eadania dod\u00e1vate\u013eov, kontaktov a rie\u0161enia v\u0161etk\u00fdch potrebn\u00fdch vec\u00ed sa m\u00f4\u017eete te\u0161i\u0165 a vychutn\u00e1va\u0165 si rados\u0165 z prich\u00e1dzaj\u00facej udalosti. Ak kontaktujete profesion\u00e1lny Lilies\u00a0t\u00edm, m\u00f4\u017eete u\u0161etri\u0165 \u010das aj peniaze, pri\u010dom pri ka\u017edom kroku budeme dohliada\u0165 na ka\u017ed\u00fd detail. Uist\u00edme sa, \u017ee v\u0161etko vyzer\u00e1 skvelo, \u017ee v\u0161etko prebieha tak ako m\u00e1. Od v\u00fdzdoby cez priebeh a\u017e po ka\u017ed\u00fa mali\u010dkos\u0165 akoko\u013evek spojen\u00fa s Va\u0161ou udalos\u0165ou.<\/p>\n<p style=\"text-align: justify;\">Lilies tim je tu pre V\u00e1s!<\/p>\n<p><\/p>","protected":false},"excerpt":{"rendered":"<p>Ak chyst\u00e1te svadbu, firemn\u00fa akciu, alebo ak\u00fako\u013evek udalos\u0165, ste na spr\u00e1vnom mieste. S nami m\u00f4\u017eete zabudn\u00fa\u0165 na v\u0161etok stres spojen\u00fd s pl\u00e1novan\u00edm, vybavovan\u00edm a organizovan\u00edm akejko\u013evek akcie. Namiesto h\u013eadania dod\u00e1vate\u013eov, kontaktov a rie\u0161enia v\u0161etk\u00fdch potrebn\u00fdch vec\u00ed sa m\u00f4\u017eete te\u0161i\u0165 a vychutn\u00e1va\u0165 si rados\u0165 z prich\u00e1dzaj\u00facej udalosti. Ak kontaktujete profesion\u00e1lny Lilies\u00a0t\u00edm, m\u00f4\u017eete u\u0161etri\u0165 \u010das aj peniaze, [&hellip;]<\/p>\n","protected":false},"author":2,"featured_media":0,"parent":0,"menu_order":0,"comment_status":"closed","ping_status":"closed","template":"","meta":[],"_links":{"self":[{"href":"https:\/\/www.lilies.sk\/cs\/wp-json\/wp\/v2\/pages\/18"}],"collection":[{"href":"https:\/\/www.lilies.sk\/cs\/wp-json\/wp\/v2\/pages"}],"about":[{"href":"https:\/\/www.lilies.sk\/cs\/wp-json\/wp\/v2\/types\/page"}],"author":[{"embeddable":true,"href":"https:\/\/www.lilies.sk\/cs\/wp-json\/wp\/v2\/users\/2"}],"replies":[{"embeddable":true,"href":"https:\/\/www.lilies.sk\/cs\/wp-json\/wp\/v2\/comments?post=18"}],"version-history":[{"count":9,"href":"https:\/\/www.lilies.sk\/cs\/wp-json\/wp\/v2\/pages\/18\/revisions"}],"predecessor-version":[{"id":182,"href":"https:\/\/www.lilies.sk\/cs\/wp-json\/wp\/v2\/pages\/18\/revisions\/182"}],"wp:attachment":[{"href":"https:\/\/www.lilies.sk\/cs\/wp-json\/wp\/v2\/media?parent=18"}],"curies":[{"name":"wp","href":"https:\/\/api.w.org\/{rel}","templated":true}]}}