{"id":154,"date":"2016-10-04T13:10:39","date_gmt":"2016-10-04T11:10:39","guid":{"rendered":"http:\/\/www.lilies.sk\/?page_id=154"},"modified":"2016-10-05T16:08:09","modified_gmt":"2016-10-05T14:08:09","slug":"svadobna-web-stranka","status":"publish","type":"page","link":"https:\/\/www.lilies.sk\/cs\/svadobna-web-stranka\/","title":{"rendered":"(Sloven\u010dina) Svadobn\u00e1 web str\u00e1nka"},"content":{"rendered":"<p class=\"qtranxs-available-languages-message qtranxs-available-languages-message-cs\"><\/p>","protected":false},"excerpt":{"rendered":"","protected":false},"author":2,"featured_media":0,"parent":0,"menu_order":0,"comment_status":"closed","ping_status":"closed","template":"","meta":[],"_links":{"self":[{"href":"https:\/\/www.lilies.sk\/cs\/wp-json\/wp\/v2\/pages\/154"}],"collection":[{"href":"https:\/\/www.lilies.sk\/cs\/wp-json\/wp\/v2\/pages"}],"about":[{"href":"https:\/\/www.lilies.sk\/cs\/wp-json\/wp\/v2\/types\/page"}],"author":[{"embeddable":true,"href":"https:\/\/www.lilies.sk\/cs\/wp-json\/wp\/v2\/users\/2"}],"replies":[{"embeddable":true,"href":"https:\/\/www.lilies.sk\/cs\/wp-json\/wp\/v2\/comments?post=154"}],"version-history":[{"count":6,"href":"https:\/\/www.lilies.sk\/cs\/wp-json\/wp\/v2\/pages\/154\/revisions"}],"predecessor-version":[{"id":189,"href":"https:\/\/www.lilies.sk\/cs\/wp-json\/wp\/v2\/pages\/154\/revisions\/189"}],"wp:attachment":[{"href":"https:\/\/www.lilies.sk\/cs\/wp-json\/wp\/v2\/media?parent=154"}],"curies":[{"name":"wp","href":"https:\/\/api.w.org\/{rel}","templated":true}]}}